{"id":176,"date":"2024-12-18T16:04:21","date_gmt":"2024-12-18T15:04:21","guid":{"rendered":"https:\/\/gruchalski.cc\/?post_type=product&#038;p=176"},"modified":"2025-12-12T02:47:21","modified_gmt":"2025-12-12T01:47:21","slug":"kalendarz-2026-a3","status":"publish","type":"product","link":"https:\/\/gruchalski.cc\/en\/shop\/kalendarz\/kalendarz-2026-a3\/","title":{"rendered":"Calendar 2025 [A3 format]"},"content":{"rendered":"<div class=\"wpb-content-wrapper\"><p>[vc_row][vc_column][vc_column_text css_animation=&#8221;none&#8221; css=&#8221;&#8221;]<\/p>\n<h2 style=\"text-align: center;\">M\u00f3j oficialny kalendarz na rok 2026!<\/h2>\n<p>[\/vc_column_text][vc_row_inner][vc_column_inner][vc_video link=&#8221;https:\/\/youtu.be\/d0cbCKmXN5w?si=2E5SAM0ccQV_Mr4F&#8221; css=&#8221;&#8221;][vc_column_text css_animation=&#8221;none&#8221; css=&#8221;.vc_custom_1734902455501{background-color: #FFFFFFA8 !important;border-radius: 10px !important;}&#8221;]<\/p>\n<h4><strong>KALENDARZ A3 &#8211; 30&#215;45 cm<\/strong><\/h4>\n<p>Drukowany na satynowym papierze o gramaturze 200 g\/m2. Jest to pod\u0142o\u017ce do\u015b\u0107 bia\u0142e, \u017ceby uzyska\u0107 po\u017c\u0105dany kontrast, lekko \u015bliskie i g\u0142adkie. Dzi\u0119ki temu jest odporne na odciski palc\u00f3w i niewielk\u0105 wilgo\u0107. Papier ten jest p\u00f3\u0142matowy, poniewa\u017c delikatnie odbija \u015bwiat\u0142o.[\/vc_column_text][\/vc_column_inner][\/vc_row_inner][\/vc_column][\/vc_row][vc_row][vc_column][vc_images_carousel images=&#8221;562,564,563&#8243; img_size=&#8221;full&#8221; onclick=&#8221;link_no&#8221; speed=&#8221;3000&#8243; autoplay=&#8221;yes&#8221; hide_pagination_control=&#8221;yes&#8221; wrap=&#8221;yes&#8221; css_animation=&#8221;none&#8221; css=&#8221;&#8221;][\/vc_column][\/vc_row]<\/p>\n<\/div>","protected":false},"excerpt":{"rendered":"<p>[vc_row][vc_column][vc_column_text css_animation=&#8221;none&#8221; css=&#8221;&#8221;] M\u00f3j oficialny kalendarz na rok 2026! [\/vc_column_text][vc_row_inner][vc_column_inner][vc_video link=&#8221;https:\/\/youtu.be\/d0cbCKmXN5w?si=2E5SAM0ccQV_Mr4F&#8221; css=&#8221;&#8221;][vc_column_text css_animation=&#8221;none&#8221; css=&#8221;.vc_custom_1734902455501{background-color: #FFFFFFA8 !important;border-radius: 10px !important;}&#8221;] KALENDARZ A3 &#8211; 30&#215;45 cm Drukowany na satynowym papierze o gramaturze 200 g\/m2. Jest to pod\u0142o\u017ce do\u015b\u0107 bia\u0142e, \u017ceby uzyska\u0107 po\u017c\u0105dany kontrast, lekko \u015bliskie i g\u0142adkie. Dzi\u0119ki temu jest odporne na odciski palc\u00f3w i niewielk\u0105 wilgo\u0107. Papier [&hellip;]<\/p>\n","protected":false},"featured_media":562,"template":"","meta":[],"product_brand":[],"product_cat":[20],"product_tag":[],"class_list":{"0":"post-176","1":"product","2":"type-product","3":"status-publish","4":"has-post-thumbnail","6":"product_cat-kalendarz","7":"product_shipping_class-darmowa-polska","9":"first","10":"instock","11":"taxable","12":"shipping-taxable","13":"purchasable","14":"product-type-simple"},"_links":{"self":[{"href":"https:\/\/gruchalski.cc\/en\/wp-json\/wp\/v2\/product\/176","targetHints":{"allow":["GET"]}}],"collection":[{"href":"https:\/\/gruchalski.cc\/en\/wp-json\/wp\/v2\/product"}],"about":[{"href":"https:\/\/gruchalski.cc\/en\/wp-json\/wp\/v2\/types\/product"}],"wp:featuredmedia":[{"embeddable":true,"href":"https:\/\/gruchalski.cc\/en\/wp-json\/wp\/v2\/media\/562"}],"wp:attachment":[{"href":"https:\/\/gruchalski.cc\/en\/wp-json\/wp\/v2\/media?parent=176"}],"wp:term":[{"taxonomy":"product_brand","embeddable":true,"href":"https:\/\/gruchalski.cc\/en\/wp-json\/wp\/v2\/product_brand?post=176"},{"taxonomy":"product_cat","embeddable":true,"href":"https:\/\/gruchalski.cc\/en\/wp-json\/wp\/v2\/product_cat?post=176"},{"taxonomy":"product_tag","embeddable":true,"href":"https:\/\/gruchalski.cc\/en\/wp-json\/wp\/v2\/product_tag?post=176"}],"curies":[{"name":"wp","href":"https:\/\/api.w.org\/{rel}","templated":true}]}}