{"id":418,"date":"2025-01-02T14:55:31","date_gmt":"2025-01-02T13:55:31","guid":{"rendered":"https:\/\/gruchalski.cc\/?post_type=product&#038;p=418"},"modified":"2025-12-12T02:43:32","modified_gmt":"2025-12-12T01:43:32","slug":"kalendarz-2026-b2","status":"publish","type":"product","link":"https:\/\/gruchalski.cc\/en\/shop\/kalendarz\/kalendarz-2026-b2\/","title":{"rendered":"Calendar 2025 [B2 format]"},"content":{"rendered":"<div class=\"wpb-content-wrapper\"><p>[vc_row][vc_column][vc_column_text css_animation=&#8221;none&#8221; css=&#8221;&#8221;]<\/p>\n<h2 style=\"text-align: center;\">M\u00f3j oficialny kalendarz na rok 2026!<\/h2>\n<p>[\/vc_column_text][vc_video link=&#8221;https:\/\/youtu.be\/d0cbCKmXN5w?si=2E5SAM0ccQV_Mr4F&#8221; align=&#8221;center&#8221; css_animation=&#8221;none&#8221; css=&#8221;&#8221;][vc_row_inner][vc_column_inner][vc_column_text css_animation=&#8221;none&#8221; css=&#8221;.vc_custom_1734902465493{background-color: #FFFFFFA8 !important;border-radius: 10px !important;}&#8221;]<\/p>\n<h4>KALENDARZ B2 &#8211; 50&#215;70 cm<\/h4>\n<p>Produkt dedykowany dla najbardziej wymagaj\u0105cych klient\u00f3w, szukaj\u0105cych wysokiej jako\u015bci druku i naturalnego, \u015bnie\u017cnobia\u0142ego, ca\u0142kowicie matowego papieru. Naturalny, ca\u0142kowicie matowy, \u015bnie\u017cnobia\u0142y papier Arctic Matte 170 g\/m2 jest niezwykle mi\u0142y w dotyku, do\u015b\u0107 g\u0142adki, cho\u0107 niepowlekany, mocno kontrastowy dzi\u0119ki wysokiemu poziomowi bieli. Mocno poch\u0142ania \u015bwiat\u0142o.[\/vc_column_text][\/vc_column_inner][\/vc_row_inner][\/vc_column][\/vc_row][vc_row][vc_column][vc_images_carousel images=&#8221;562,563,564&#8243; img_size=&#8221;full&#8221; onclick=&#8221;link_no&#8221; speed=&#8221;3000&#8243; autoplay=&#8221;yes&#8221; hide_pagination_control=&#8221;yes&#8221; wrap=&#8221;yes&#8221; css_animation=&#8221;none&#8221; css=&#8221;&#8221;][\/vc_column][\/vc_row]<\/p>\n<\/div>","protected":false},"excerpt":{"rendered":"<p>[vc_row][vc_column][vc_column_text css_animation=&#8221;none&#8221; css=&#8221;&#8221;] M\u00f3j oficialny kalendarz na rok 2026! [\/vc_column_text][vc_video link=&#8221;https:\/\/youtu.be\/d0cbCKmXN5w?si=2E5SAM0ccQV_Mr4F&#8221; align=&#8221;center&#8221; css_animation=&#8221;none&#8221; css=&#8221;&#8221;][vc_row_inner][vc_column_inner][vc_column_text css_animation=&#8221;none&#8221; css=&#8221;.vc_custom_1734902465493{background-color: #FFFFFFA8 !important;border-radius: 10px !important;}&#8221;] KALENDARZ B2 &#8211; 50&#215;70 cm Produkt dedykowany dla najbardziej wymagaj\u0105cych klient\u00f3w, szukaj\u0105cych wysokiej jako\u015bci druku i naturalnego, \u015bnie\u017cnobia\u0142ego, ca\u0142kowicie matowego papieru. Naturalny, ca\u0142kowicie matowy, \u015bnie\u017cnobia\u0142y papier Arctic Matte 170 g\/m2 jest niezwykle mi\u0142y w dotyku, [&hellip;]<\/p>\n","protected":false},"featured_media":562,"template":"","meta":[],"product_brand":[],"product_cat":[20],"product_tag":[],"class_list":{"0":"post-418","1":"product","2":"type-product","3":"status-publish","4":"has-post-thumbnail","6":"product_cat-kalendarz","7":"product_shipping_class-darmowa-polska","9":"first","10":"instock","11":"taxable","12":"shipping-taxable","13":"purchasable","14":"product-type-simple"},"_links":{"self":[{"href":"https:\/\/gruchalski.cc\/en\/wp-json\/wp\/v2\/product\/418","targetHints":{"allow":["GET"]}}],"collection":[{"href":"https:\/\/gruchalski.cc\/en\/wp-json\/wp\/v2\/product"}],"about":[{"href":"https:\/\/gruchalski.cc\/en\/wp-json\/wp\/v2\/types\/product"}],"wp:featuredmedia":[{"embeddable":true,"href":"https:\/\/gruchalski.cc\/en\/wp-json\/wp\/v2\/media\/562"}],"wp:attachment":[{"href":"https:\/\/gruchalski.cc\/en\/wp-json\/wp\/v2\/media?parent=418"}],"wp:term":[{"taxonomy":"product_brand","embeddable":true,"href":"https:\/\/gruchalski.cc\/en\/wp-json\/wp\/v2\/product_brand?post=418"},{"taxonomy":"product_cat","embeddable":true,"href":"https:\/\/gruchalski.cc\/en\/wp-json\/wp\/v2\/product_cat?post=418"},{"taxonomy":"product_tag","embeddable":true,"href":"https:\/\/gruchalski.cc\/en\/wp-json\/wp\/v2\/product_tag?post=418"}],"curies":[{"name":"wp","href":"https:\/\/api.w.org\/{rel}","templated":true}]}}