{"id":594,"date":"2025-12-12T02:28:35","date_gmt":"2025-12-12T01:28:35","guid":{"rendered":"https:\/\/gruchalski.cc\/?post_type=product&#038;p=594"},"modified":"2025-12-12T02:37:15","modified_gmt":"2025-12-12T01:37:15","slug":"kalendarz-2026-format-b2-aid","status":"publish","type":"product","link":"https:\/\/gruchalski.cc\/en\/shop\/kalendarz\/kalendarz-2026-format-b2-aid\/","title":{"rendered":"Calendar 2025 [B2 format] (Kopia)"},"content":{"rendered":"<div class=\"wpb-content-wrapper\"><p>[vc_row][vc_column][vc_column_text css_animation=&#8221;none&#8221; css=&#8221;&#8221;]<\/p>\n<h2 style=\"text-align: center;\">\u00a0Kalendarz na rok 2026 LIMITED EDITION<\/h2>\n<h2 style=\"text-align: center;\">Szymon Gruchalski x ALONE IN DRAG<\/h2>\n<h2 style=\"text-align: center;\">\u00a0&#8220;The Race of Truth&#8221;<\/h2>\n<p>[\/vc_column_text][vc_row_inner][vc_column_inner][vc_column_text css_animation=&#8221;none&#8221; css=&#8221;.vc_custom_1734902465493{background-color: #FFFFFFA8 !important;border-radius: 10px !important;}&#8221;]<\/p>\n<h4>KALENDARZ B2 &#8211; 50&#215;70 cm<\/h4>\n<p>Kalendarz 2025: Szymon Gruchalski x ALONE IN DRAG<br \/>\nFrancuzi m\u00f3wi\u0105 contre-la-montre, Anglicy Time Trial, a my m\u00f3wimy: Wy\u015bcig Prawdy.<br \/>\nWsp\u00f3lnie z ekip\u0105 Alone in Drag przygotowali\u015bmy kalendarz, kt\u00f3ry jest ho\u0142dem dla obsesji na punkcie aero, wat\u00f3w i b\u00f3lu. Moje zdj\u0119cia spotykaj\u0105 si\u0119 tu z tekstami, kt\u00f3re bezlito\u015bnie punktuj\u0105 sprz\u0119towe niuanse World Touru.<br \/>\nCo w \u015brodku? 12 miesi\u0119cy czystego &#8220;tech-porno&#8221; i anegdot, o kt\u00f3rych rzadko us\u0142yszysz w TV:<br \/>\n\u2022\u2060 \u2060Lotte Kopecky i r\u00f3\u017cowa d\u0119tka na widelcu, kt\u00f3ra nie pasuje do styl\u00f3wki, ale urywa waty.<br \/>\n\u2022\u2060 \u2060G\u00f3rale na czas\u00f3wkach, czyli kolarski odpowiednik s\u0142onia w sk\u0142adzie porcelany (tak, patrzymy na Ciebie, Lenny Martinez).<br \/>\n\u2022\u2060 \u2060Jonas Vingegaard w kasku przypominaj\u0105cym grzybka z Super Mario Bros.<br \/>\n\u2022\u2060 \u2060Poga\u010dar, kt\u00f3remu do wygrywania wystarczy &#8220;zwyk\u0142y&#8221; kombinezon od organizatora, bo i tak jest kosmit\u0105.<br \/>\n\u2022\u2060 \u2060Remco Evenepoel i jego autonomiczne kr\u00f3lestwo aero-optymalizacji.<br \/>\nTo nie jest kalendarz z \u0142adnymi widoczkami. To zbi\u00f3r historii o zrywaniu lakieru z ramy dla zysku wagi, kaskach o w\u0105tpliwej urodzie (Visma, patrzymy na Was) i walce o ka\u017cdy u\u0142amek sekundy na kilometr.<br \/>\nDla kogo?<br \/>\nDla ka\u017cdego, kto wie, \u017ce W\/CdA jest wa\u017cniejsze ni\u017c \u017cycie towarzyskie, a widok \u201ego\u0142ego karbonu\u201d bez lakieru wywo\u0142uje szybsze bicie serca..[\/vc_column_text][\/vc_column_inner][\/vc_row_inner][\/vc_column][\/vc_row][vc_row][vc_column][vc_images_carousel images=&#8221;595,596,597&#8243; img_size=&#8221;full&#8221; onclick=&#8221;link_no&#8221; speed=&#8221;3000&#8243; autoplay=&#8221;yes&#8221; hide_pagination_control=&#8221;yes&#8221; wrap=&#8221;yes&#8221; css_animation=&#8221;none&#8221; css=&#8221;&#8221;][\/vc_column][\/vc_row]<\/p>\n<\/div>","protected":false},"excerpt":{"rendered":"<p>[vc_row][vc_column][vc_column_text css_animation=&#8221;none&#8221; css=&#8221;&#8221;] \u00a0Kalendarz na rok 2026 LIMITED EDITION Szymon Gruchalski x ALONE IN DRAG \u00a0&#8220;The Race of Truth&#8221; [\/vc_column_text][vc_row_inner][vc_column_inner][vc_column_text css_animation=&#8221;none&#8221; css=&#8221;.vc_custom_1734902465493{background-color: #FFFFFFA8 !important;border-radius: 10px !important;}&#8221;] KALENDARZ B2 &#8211; 50&#215;70 cm Kalendarz 2025: Szymon Gruchalski x ALONE IN DRAG Francuzi m\u00f3wi\u0105 contre-la-montre, Anglicy Time Trial, a my m\u00f3wimy: Wy\u015bcig Prawdy. Wsp\u00f3lnie z ekip\u0105 Alone in [&hellip;]<\/p>\n","protected":false},"featured_media":595,"template":"","meta":[],"product_brand":[],"product_cat":[20],"product_tag":[],"class_list":{"0":"post-594","1":"product","2":"type-product","3":"status-publish","4":"has-post-thumbnail","6":"product_cat-kalendarz","7":"product_shipping_class-darmowa-polska","9":"first","10":"instock","11":"taxable","12":"shipping-taxable","13":"purchasable","14":"product-type-simple"},"_links":{"self":[{"href":"https:\/\/gruchalski.cc\/en\/wp-json\/wp\/v2\/product\/594","targetHints":{"allow":["GET"]}}],"collection":[{"href":"https:\/\/gruchalski.cc\/en\/wp-json\/wp\/v2\/product"}],"about":[{"href":"https:\/\/gruchalski.cc\/en\/wp-json\/wp\/v2\/types\/product"}],"wp:featuredmedia":[{"embeddable":true,"href":"https:\/\/gruchalski.cc\/en\/wp-json\/wp\/v2\/media\/595"}],"wp:attachment":[{"href":"https:\/\/gruchalski.cc\/en\/wp-json\/wp\/v2\/media?parent=594"}],"wp:term":[{"taxonomy":"product_brand","embeddable":true,"href":"https:\/\/gruchalski.cc\/en\/wp-json\/wp\/v2\/product_brand?post=594"},{"taxonomy":"product_cat","embeddable":true,"href":"https:\/\/gruchalski.cc\/en\/wp-json\/wp\/v2\/product_cat?post=594"},{"taxonomy":"product_tag","embeddable":true,"href":"https:\/\/gruchalski.cc\/en\/wp-json\/wp\/v2\/product_tag?post=594"}],"curies":[{"name":"wp","href":"https:\/\/api.w.org\/{rel}","templated":true}]}}