{"id":628,"date":"2025-12-16T11:49:06","date_gmt":"2025-12-16T10:49:06","guid":{"rendered":"https:\/\/gruchalski.cc\/?post_type=product&#038;p=628"},"modified":"2025-12-16T11:55:36","modified_gmt":"2025-12-16T10:55:36","slug":"mirror-w-ramce","status":"publish","type":"product","link":"https:\/\/gruchalski.cc\/en\/shop\/wydruki_w_ramie\/mirror-w-ramce\/","title":{"rendered":"Mirror (w ramce)"},"content":{"rendered":"<div class=\"wpb-content-wrapper\"><p><\/p>\n<p>[vc_row][vc_column][vc_column_text css=&#8221;&#8221;]<span style=\"font-weight: 400;\">Wydruk na profesjonalnym papierze jest wyko\u0144czony passe-partout i otoczony ramk\u0105 (bez szk\u0142a ani pleksi). Fotografia zyskuje w\u00f3wczas a\u017c dwie eleganckie ramy, kt\u00f3re dodaj\u0105 jej szczeg\u00f3lnego wyrazu. Wydruki wykonywane na papierze Canon Deep Mate.\u00a0<\/span>[\/vc_column_text][vc_video link=&#8221;https:\/\/youtu.be\/y6ycVI881Cg&#8221; align=&#8221;center&#8221; css=&#8221;&#8221;][vc_row_inner][vc_column_inner width=&#8221;1\/2&#8243;][vc_single_image image=&#8221;409&#8243; img_size=&#8221;full&#8221; alignment=&#8221;center&#8221; onclick=&#8221;zoom&#8221; css=&#8221;&#8221;][\/vc_column_inner][vc_column_inner width=&#8221;1\/2&#8243;][vc_single_image image=&#8221;409&#8243; img_size=&#8221;full&#8221; alignment=&#8221;center&#8221; onclick=&#8221;zoom&#8221; css=&#8221;&#8221;][\/vc_column_inner][\/vc_row_inner][vc_column_text css=&#8221;&#8221;]<span style=\"font-weight: 400;\">Ten produkt jest gotowy do zawieszenia na \u015bcianie od razu po wyj\u0119ciu z opakowania. Tylna cz\u0119\u015b\u0107 produktu jest wykonana z lekkiego, naturalnego tworzywa. Elementem monta\u017cowym w tym produkcie jest z\u0105bkowana zawieszka tzw. krokodylek.<\/span>[\/vc_column_text][\/vc_column][\/vc_row][vc_row][vc_column][vc_images_carousel images=&#8221;411,415,414,413,412&#8243; img_size=&#8221;full&#8221; onclick=&#8221;link_no&#8221; speed=&#8221;3000&#8243; autoplay=&#8221;yes&#8221; hide_pagination_control=&#8221;yes&#8221; wrap=&#8221;yes&#8221; css_animation=&#8221;none&#8221; css=&#8221;&#8221;][\/vc_column][\/vc_row]<\/p>\n<p><\/p>\n<\/div>","protected":false},"excerpt":{"rendered":"<p>[vc_row][vc_column][vc_column_text css=&#8221;&#8221;]Wydruk na profesjonalnym papierze jest wyko\u0144czony passe-partout i otoczony ramk\u0105 (bez szk\u0142a ani pleksi). Fotografia zyskuje w\u00f3wczas a\u017c dwie eleganckie ramy, kt\u00f3re dodaj\u0105 jej szczeg\u00f3lnego wyrazu. Wydruki wykonywane na papierze Canon Deep Mate.\u00a0[\/vc_column_text][vc_video link=&#8221;https:\/\/youtu.be\/y6ycVI881Cg&#8221; align=&#8221;center&#8221; css=&#8221;&#8221;][vc_row_inner][vc_column_inner width=&#8221;1\/2&#8243;][vc_single_image image=&#8221;409&#8243; img_size=&#8221;full&#8221; alignment=&#8221;center&#8221; onclick=&#8221;zoom&#8221; css=&#8221;&#8221;][\/vc_column_inner][vc_column_inner width=&#8221;1\/2&#8243;][vc_single_image image=&#8221;409&#8243; img_size=&#8221;full&#8221; alignment=&#8221;center&#8221; onclick=&#8221;zoom&#8221; css=&#8221;&#8221;][\/vc_column_inner][\/vc_row_inner][vc_column_text css=&#8221;&#8221;]Ten produkt jest gotowy do zawieszenia [&hellip;]<\/p>\n","protected":false},"featured_media":631,"template":"","meta":[],"product_brand":[],"product_cat":[24],"product_tag":[],"class_list":{"0":"post-628","1":"product","2":"type-product","3":"status-publish","4":"has-post-thumbnail","6":"product_cat-wydruki_w_ramie","7":"product_shipping_class-darmowa-polska","9":"first","10":"instock","11":"taxable","12":"shipping-taxable","13":"purchasable","14":"product-type-variable"},"_links":{"self":[{"href":"https:\/\/gruchalski.cc\/en\/wp-json\/wp\/v2\/product\/628","targetHints":{"allow":["GET"]}}],"collection":[{"href":"https:\/\/gruchalski.cc\/en\/wp-json\/wp\/v2\/product"}],"about":[{"href":"https:\/\/gruchalski.cc\/en\/wp-json\/wp\/v2\/types\/product"}],"wp:featuredmedia":[{"embeddable":true,"href":"https:\/\/gruchalski.cc\/en\/wp-json\/wp\/v2\/media\/631"}],"wp:attachment":[{"href":"https:\/\/gruchalski.cc\/en\/wp-json\/wp\/v2\/media?parent=628"}],"wp:term":[{"taxonomy":"product_brand","embeddable":true,"href":"https:\/\/gruchalski.cc\/en\/wp-json\/wp\/v2\/product_brand?post=628"},{"taxonomy":"product_cat","embeddable":true,"href":"https:\/\/gruchalski.cc\/en\/wp-json\/wp\/v2\/product_cat?post=628"},{"taxonomy":"product_tag","embeddable":true,"href":"https:\/\/gruchalski.cc\/en\/wp-json\/wp\/v2\/product_tag?post=628"}],"curies":[{"name":"wp","href":"https:\/\/api.w.org\/{rel}","templated":true}]}}